
{"id":2407,"date":"2025-06-19T10:16:11","date_gmt":"2025-06-19T08:16:11","guid":{"rendered":"https:\/\/thepathsm.com\/?page_id=2407"},"modified":"2025-06-26T09:22:19","modified_gmt":"2025-06-26T07:22:19","slug":"aszf","status":"publish","type":"page","link":"https:\/\/thepathsm.com\/en\/aszf\/","title":{"rendered":"Terms and Conditions"},"content":{"rendered":"<div data-elementor-type=\"wp-page\" data-elementor-id=\"2407\" class=\"elementor elementor-2407\" data-elementor-post-type=\"page\">\n\t\t\t\t<div class=\"elementor-element elementor-element-7942e94 e-con-full fullwidth e-flex e-con e-parent\" data-id=\"7942e94\" data-element_type=\"container\" data-settings=\"{&quot;background_background&quot;:&quot;gradient&quot;}\">\n\t\t<div class=\"elementor-element elementor-element-9b06ab1 e-flex e-con-boxed e-con e-child\" data-id=\"9b06ab1\" data-element_type=\"container\">\n\t\t\t\t\t<div class=\"e-con-inner\">\n\t\t\t\t<div class=\"elementor-element elementor-element-ae3ff22 elementor-widget elementor-widget-spacer\" data-id=\"ae3ff22\" data-element_type=\"widget\" data-widget_type=\"spacer.default\">\n\t\t\t\t<div class=\"elementor-widget-container\">\n\t\t\t\t\t\t\t<div class=\"elementor-spacer\">\n\t\t\t<div class=\"elementor-spacer-inner\"><\/div>\n\t\t<\/div>\n\t\t\t\t\t\t<\/div>\n\t\t\t\t<\/div>\n\t\t\t\t<div class=\"elementor-element elementor-element-9cd1f0a elementor-widget elementor-widget-heading\" data-id=\"9cd1f0a\" data-element_type=\"widget\" data-widget_type=\"heading.default\">\n\t\t\t\t<div class=\"elementor-widget-container\">\n\t\t\t\t\t<h2 class=\"elementor-heading-title elementor-size-default\">the Path<\/h2>\t\t\t\t<\/div>\n\t\t\t\t<\/div>\n\t\t\t\t<div class=\"elementor-element elementor-element-1742519 elementor-widget elementor-widget-heading\" data-id=\"1742519\" data-element_type=\"widget\" data-widget_type=\"heading.default\">\n\t\t\t\t<div class=\"elementor-widget-container\">\n\t\t\t\t\t<h2 class=\"elementor-heading-title elementor-size-default\">\u00c1ltal\u00e1nos Szerz\u0151d\u00e9si Felt\u00e9telek (\u00c1SZF)<\/h2>\t\t\t\t<\/div>\n\t\t\t\t<\/div>\n\t\t\t\t<div class=\"elementor-element elementor-element-33e8fda elementor-widget elementor-widget-spacer\" data-id=\"33e8fda\" data-element_type=\"widget\" data-widget_type=\"spacer.default\">\n\t\t\t\t<div class=\"elementor-widget-container\">\n\t\t\t\t\t\t\t<div class=\"elementor-spacer\">\n\t\t\t<div class=\"elementor-spacer-inner\"><\/div>\n\t\t<\/div>\n\t\t\t\t\t\t<\/div>\n\t\t\t\t<\/div>\n\t\t\t\t\t<\/div>\n\t\t\t\t<\/div>\n\t\t\t\t<\/div>\n\t\t<div class=\"elementor-element elementor-element-e17b180 e-flex e-con-boxed e-con e-parent\" data-id=\"e17b180\" data-element_type=\"container\">\n\t\t\t\t\t<div class=\"e-con-inner\">\n\t\t\t\t<div class=\"elementor-element elementor-element-ce5ef53 elementor-widget elementor-widget-text-editor\" data-id=\"ce5ef53\" data-element_type=\"widget\" data-widget_type=\"text-editor.default\">\n\t\t\t\t<div class=\"elementor-widget-container\">\n\t\t\t\t\t\t\t\t\t<div>1. \u00c1ltal\u00e1nos rendelkez\u00e9sek<\/div><p>\u00a0<\/p><div>A jelen \u00c1SZF a thepathsm.com (tov\u00e1bbiakban: Weboldal), \u00fczemeltet\u0151je, a HPB Sportmanagement Kft. (sz\u00e9khely: 1013 Budapest, L\u00e1nch\u00edd u.15\u201317., c\u00e9gjegyz\u00e9ksz\u00e1m: 01\u201109\u2011281053, ad\u00f3sz\u00e1m: 25539448-2-41) \u00e9s a Weboldalt l\u00e1togat\u00f3k felhaszn\u00e1l\u00f3k (tov\u00e1bbiakban: Felhaszn\u00e1l\u00f3) k\u00f6z\u00f6tti jogviszony felt\u00e9teleit szab\u00e1lyozza.<\/div><div>A Weboldal haszn\u00e1lat\u00e1val a Felhaszn\u00e1l\u00f3 elfogadja e felt\u00e9teleket.<\/div><p>\u00a0<\/p><div>2. Fogalmak<\/div><p>\u00a0<\/p><div>Weboldal: a thepathsm.com online fel\u00fclete.<\/div><div>Szolg\u00e1ltat\u00e1sok: sportmenedzsment, esem\u00e9nyszervez\u00e9s, sportol\u00f3i k\u00e9pviselet, marketing, szponzor\u00e1ci\u00f3s szolg\u00e1ltat\u00e1sok a Weboldalon bemutatottak szerint thepathsm.com.<\/div><div>Felhaszn\u00e1l\u00f3: az, aki b\u00f6ng\u00e9szi vagy ig\u00e9nybe veszi a Weboldalt vagy annak szolg\u00e1ltat\u00e1sait.<\/div><p>\u00a0<\/p><div>3. A Weboldal szolg\u00e1ltat\u00e1sai<\/div><p>\u00a0<\/p><div>A Weboldal bemutatja a HPB Sportmanagement Kft. \u00e1ltal ny\u00fajtott sportol\u00f3i \u00e9s szervez\u00e9si szolg\u00e1ltat\u00e1sokat (sportnapok, ut\u00e1np\u00f3tl\u00e1s-torn\u00e1k c\u00e9geknek \u00e9s csal\u00e1doknak) .<\/div><div>A kereskedelmi, sportol\u00f3i k\u00e9pviseleti \u00e9s marketing szolg\u00e1ltat\u00e1sok r\u00e9szletes le\u00edr\u00e1sa a \u201eJ\u00e1t\u00e9kosmenedzsment<\/div><div>\u201d \u00e9s a<div>\u201eRendezv\u00e9nyszervez\u00e9s<\/div><div>\u201d oldalon tal\u00e1lhat\u00f3.<\/div><\/div><p>\u00a0<\/p><div>4. Regisztr\u00e1ci\u00f3 \u00e9s szerz\u0151d\u00e9sk\u00f6t\u00e9s<\/div><p>\u00a0<\/p><div>A Weboldal haszn\u00e1lata regisztr\u00e1ci\u00f3 n\u00e9lk\u00fcl is lehets\u00e9ges, alapinform\u00e1ci\u00f3k el\u00e9rhet\u0151k.<\/div><div>Amennyiben szolg\u00e1ltat\u00e1s ig\u00e9nyl\u00e9se t\u00f6rt\u00e9nik, e-mailen vagy k\u00fcl\u00f6n szerz\u0151d\u00e9s \u00fatj\u00e1n t\u00f6rt\u00e9nik a kapcsolatfelv\u00e9tel (pl. office@thepathsm.com).<\/div><p>\u00a0<\/p><div>5. Felhaszn\u00e1l\u00f3i magatart\u00e1s<\/div><p>\u00a0<\/p><div>A Felhaszn\u00e1l\u00f3 k\u00f6teles a Weboldalt jogszer\u0171en haszn\u00e1lni, nem ind\u00edthat robotot, nem m\u00e1solhat jogosulatlanul tartalmat, nem tehet k\u00f6zz\u00e9 jogs\u00e9rt\u0151 anyagot thepathsm.com.\u00a0<\/div><div>Tilos automatiz\u00e1lt eszk\u00f6z\u00f6k haszn\u00e1lata vagy Weboldal t\u00falterhel\u00e9se.<\/div><p>\u00a0<\/p><div>6. Szellemi tulajdon<\/div><p>\u00a0<\/p><div>A Weboldalon tal\u00e1lhat\u00f3 tartalom \u2013 sz\u00f6veg, k\u00e9pek, szerkezet \u2013 a HPB Sportmanagement Kft. tulajdona vagy felhaszn\u00e1l\u00e1s\u00e1ra licencelt, ez\u00e9rt ezek m\u00e1sol\u00e1sa, m\u00f3dos\u00edt\u00e1sa, kereskedelmi felhaszn\u00e1l\u00e1sa az \u00fczemeltet\u0151 enged\u00e9lye n\u00e9lk\u00fcl tilos thepathsm.com.\u00a0<\/div><div>7. Felel\u0151ss\u00e9gkorl\u00e1toz\u00e1s<\/div><p>\u00a0<\/p><div>A szolg\u00e1ltat\u00e1s \u201eahogy van\u201d form\u00e1ban el\u00e9rhet\u0151, a Weboldal nem v\u00e1llal garanci\u00e1t a m\u0171k\u00f6d\u00e9s folyamatoss\u00e1g\u00e1ra, hibamentess\u00e9g\u00e9re, vagy a tartalom pontoss\u00e1g\u00e1ra .<\/div><div>Semmilyen k\u00e1r nem h\u00e1r\u00edthat\u00f3 \u00e1t az \u00fczemeltet\u0151re, ha a haszn\u00e1lat sor\u00e1n vagy az \u00e1tadott tartalmak miatt keletkezik \u2013 bele\u00e9rtve k\u00f6zvetett, j\u00e1rul\u00e9kos, k\u00fcl\u00f6nleges k\u00e1rt is.<\/div><p>\u00a0<\/p><div>8. Adatv\u00e9delem<\/div><p>\u00a0<\/p><div>A szem\u00e9lyes adatokat a HPB Sportmanagement Kft. rekl\u00e1moz\u00e1si, szervez\u00e9si \u00e9s sportmenedzsment tev\u00e9kenys\u00e9g keret\u00e9ben kezeli, az Adatkezel\u00e9si T\u00e1j\u00e9koztat\u00f3ban foglaltaknak megfelel\u0151en. GDPR-kompatibilit\u00e1si nyilatkozat sz\u00fcks\u00e9ges.<\/div><p>\u00a0<\/p><div>9. Cookie-k haszn\u00e1lata<\/div><p>\u00a0<\/p><div>A Weboldal s\u00fctiket haszn\u00e1l az oldal m\u0171k\u00f6d\u00e9s\u00e9hez, statisztik\u00e1k k\u00e9sz\u00edt\u00e9s\u00e9hez \u00e9s \u2013 amennyiben elfogadott \u2013 c\u00e9lzott marketing c\u00e9lokra .<\/div><div>A Felhaszn\u00e1l\u00f3 jog\u00e1ban \u00e1ll a s\u00fctik haszn\u00e1lat\u00e1t be\u00e1ll\u00edtani vagy letiltani, a funkci\u00f3k azonban korl\u00e1tozottan m\u0171k\u00f6dhetnek.<\/div><p>\u00a0<\/p><div>10. M\u00f3dos\u00edt\u00e1s \u00e9s \u00e9rtes\u00edt\u00e9s<\/div><p>\u00a0<\/p><div>Az \u00c1SZF m\u00f3dos\u00edt\u00e1sa a Weboldalon t\u00f6rt\u00e9n\u0151 k\u00f6zz\u00e9t\u00e9tellel l\u00e9p hat\u00e1lyba. A Felhaszn\u00e1l\u00f3 az oldal haszn\u00e1lat\u00e1val elfogadja az \u00faj felt\u00e9teleket.<\/div><p>\u00a0<\/p><div>11. Szerz\u0151d\u00e9s megsz\u0171n\u00e9se<\/div><p>\u00a0<\/p><div>A Felhaszn\u00e1l\u00f3 b\u00e1rmikor felmondhatja a szolg\u00e1ltat\u00e1s ig\u00e9nybev\u00e9tel\u00e9t. A HPB Kft. jogosult a szerz\u0151d\u00e9st megsz\u00fcntetni jogs\u00e9rt\u00e9s eset\u00e9n, k\u00fcl\u00f6n \u00e9rtes\u00edt\u00e9s n\u00e9lk\u00fcl.<\/div><p>\u00a0<\/p><div>12. Ir\u00e1nyad\u00f3 jog \u00e9s vitakezel\u00e9s<\/div><p>\u00a0<\/p><div>A szerz\u0151d\u00e9sre Magyarorsz\u00e1g joga az ir\u00e1nyad\u00f3. A felmer\u00fcl\u0151 jogvit\u00e1kat a szerz\u0151d\u00e9ses felek els\u0151dlegesen b\u00e9k\u00e9s \u00faton rendezik; sikertelens\u00e9g eset\u00e9n a budapesti illet\u00e9kes b\u00edr\u00f3s\u00e1g az illet\u00e9kes.<\/div><p>\u00a0<\/p><div>13. Kapcsolat<\/div><p>\u00a0<\/p><div>HPB Sportmanagement Kft.<\/div><div>Sz\u00e9khely: 1013 Budapest, L\u00e1nch\u00edd u. 15\u201317., fsz. 1.<\/div><div>C\u00e9gjegyz\u00e9ksz\u00e1m: 01\u201109\u2011281053 | Ad\u00f3sz\u00e1m: 25539448-2-41<\/div><div>E-mail: office@thepathsm.com<\/div><div>Telefonsz\u00e1m:<\/div>\t\t\t\t\t\t\t\t<\/div>\n\t\t\t\t<\/div>\n\t\t\t\t<div class=\"elementor-element elementor-element-16119c1 elementor-widget elementor-widget-spacer\" data-id=\"16119c1\" data-element_type=\"widget\" data-widget_type=\"spacer.default\">\n\t\t\t\t<div class=\"elementor-widget-container\">\n\t\t\t\t\t\t\t<div class=\"elementor-spacer\">\n\t\t\t<div class=\"elementor-spacer-inner\"><\/div>\n\t\t<\/div>\n\t\t\t\t\t\t<\/div>\n\t\t\t\t<\/div>\n\t\t\t\t\t<\/div>\n\t\t\t\t<\/div>\n\t\t\t\t<\/div>","protected":false},"excerpt":{"rendered":"<p>the Path \u00c1ltal\u00e1nos Szerz\u0151d\u00e9si Felt\u00e9telek (\u00c1SZF) 1. \u00c1ltal\u00e1nos rendelkez\u00e9sek \u00a0 A jelen \u00c1SZF a thepathsm.com (tov\u00e1bbiakban: Weboldal), \u00fczemeltet\u0151je, a HPB Sportmanagement Kft. (sz\u00e9khely: 1013 Budapest, L\u00e1nch\u00edd u.15\u201317., c\u00e9gjegyz\u00e9ksz\u00e1m: 01\u201109\u2011281053, ad\u00f3sz\u00e1m: 25539448-2-41) \u00e9s a Weboldalt l\u00e1togat\u00f3k felhaszn\u00e1l\u00f3k (tov\u00e1bbiakban: Felhaszn\u00e1l\u00f3) k\u00f6z\u00f6tti jogviszony felt\u00e9teleit szab\u00e1lyozza.A Weboldal haszn\u00e1lat\u00e1val a Felhaszn\u00e1l\u00f3 elfogadja e felt\u00e9teleket. \u00a0 2. Fogalmak \u00a0 Weboldal: a [&hellip;]<\/p>","protected":false},"author":1,"featured_media":0,"parent":0,"menu_order":0,"comment_status":"closed","ping_status":"closed","template":"","meta":{"_acf_changed":false,"footnotes":""},"class_list":["post-2407","page","type-page","status-publish","hentry"],"acf":[],"yoast_head":"<!-- This site is optimized with the Yoast SEO plugin v25.5 - https:\/\/yoast.com\/wordpress\/plugins\/seo\/ -->\n<title>\u00c1SZF - the path<\/title>\n<meta name=\"robots\" content=\"index, follow, max-snippet:-1, max-image-preview:large, max-video-preview:-1\" \/>\n<link rel=\"canonical\" href=\"https:\/\/thepathsm.com\/en\/aszf\/\" \/>\n<meta property=\"og:locale\" content=\"en_GB\" \/>\n<meta property=\"og:type\" content=\"article\" \/>\n<meta property=\"og:title\" content=\"\u00c1SZF - the path\" \/>\n<meta property=\"og:description\" content=\"the Path \u00c1ltal\u00e1nos Szerz\u0151d\u00e9si Felt\u00e9telek (\u00c1SZF) 1. \u00c1ltal\u00e1nos rendelkez\u00e9sek \u00a0 A jelen \u00c1SZF a thepathsm.com (tov\u00e1bbiakban: Weboldal), \u00fczemeltet\u0151je, a HPB Sportmanagement Kft. (sz\u00e9khely: 1013 Budapest, L\u00e1nch\u00edd u.15\u201317., c\u00e9gjegyz\u00e9ksz\u00e1m: 01\u201109\u2011281053, ad\u00f3sz\u00e1m: 25539448-2-41) \u00e9s a Weboldalt l\u00e1togat\u00f3k felhaszn\u00e1l\u00f3k (tov\u00e1bbiakban: Felhaszn\u00e1l\u00f3) k\u00f6z\u00f6tti jogviszony felt\u00e9teleit szab\u00e1lyozza.A Weboldal haszn\u00e1lat\u00e1val a Felhaszn\u00e1l\u00f3 elfogadja e felt\u00e9teleket. \u00a0 2. Fogalmak \u00a0 Weboldal: a [&hellip;]\" \/>\n<meta property=\"og:url\" content=\"https:\/\/thepathsm.com\/en\/aszf\/\" \/>\n<meta property=\"og:site_name\" content=\"the path\" \/>\n<meta property=\"article:publisher\" content=\"https:\/\/www.facebook.com\/thepathsm\" \/>\n<meta property=\"article:modified_time\" content=\"2025-06-26T07:22:19+00:00\" \/>\n<meta name=\"twitter:card\" content=\"summary_large_image\" \/>\n<meta name=\"twitter:label1\" content=\"Estimated reading time\" \/>\n\t<meta name=\"twitter:data1\" content=\"3 minutes\" \/>\n<script type=\"application\/ld+json\" class=\"yoast-schema-graph\">{\"@context\":\"https:\/\/schema.org\",\"@graph\":[{\"@type\":\"WebPage\",\"@id\":\"https:\/\/thepathsm.com\/aszf\/\",\"url\":\"https:\/\/thepathsm.com\/aszf\/\",\"name\":\"\u00c1SZF - the path\",\"isPartOf\":{\"@id\":\"https:\/\/thepathsm.com\/#website\"},\"datePublished\":\"2025-06-19T08:16:11+00:00\",\"dateModified\":\"2025-06-26T07:22:19+00:00\",\"breadcrumb\":{\"@id\":\"https:\/\/thepathsm.com\/aszf\/#breadcrumb\"},\"inLanguage\":\"en-GB\",\"potentialAction\":[{\"@type\":\"ReadAction\",\"target\":[\"https:\/\/thepathsm.com\/aszf\/\"]}]},{\"@type\":\"BreadcrumbList\",\"@id\":\"https:\/\/thepathsm.com\/aszf\/#breadcrumb\",\"itemListElement\":[{\"@type\":\"ListItem\",\"position\":1,\"name\":\"Kezd\u0151lap\",\"item\":\"https:\/\/thepathsm.com\/\"},{\"@type\":\"ListItem\",\"position\":2,\"name\":\"\u00c1SZF\"}]},{\"@type\":\"WebSite\",\"@id\":\"https:\/\/thepathsm.com\/#website\",\"url\":\"https:\/\/thepathsm.com\/\",\"name\":\"the path\",\"description\":\"\",\"publisher\":{\"@id\":\"https:\/\/thepathsm.com\/#organization\"},\"potentialAction\":[{\"@type\":\"SearchAction\",\"target\":{\"@type\":\"EntryPoint\",\"urlTemplate\":\"https:\/\/thepathsm.com\/?s={search_term_string}\"},\"query-input\":{\"@type\":\"PropertyValueSpecification\",\"valueRequired\":true,\"valueName\":\"search_term_string\"}}],\"inLanguage\":\"en-GB\"},{\"@type\":\"Organization\",\"@id\":\"https:\/\/thepathsm.com\/#organization\",\"name\":\"the path\",\"url\":\"https:\/\/thepathsm.com\/\",\"logo\":{\"@type\":\"ImageObject\",\"inLanguage\":\"en-GB\",\"@id\":\"https:\/\/thepathsm.com\/#\/schema\/logo\/image\/\",\"url\":\"https:\/\/thepathsm.com\/wp-content\/uploads\/2025\/05\/thepathlogo25.svg\",\"contentUrl\":\"https:\/\/thepathsm.com\/wp-content\/uploads\/2025\/05\/thepathlogo25.svg\",\"width\":65,\"height\":60,\"caption\":\"the path\"},\"image\":{\"@id\":\"https:\/\/thepathsm.com\/#\/schema\/logo\/image\/\"},\"sameAs\":[\"https:\/\/www.facebook.com\/thepathsm\",\"https:\/\/www.instagram.com\/thepathsm\/\",\"https:\/\/www.youtube.com\/@paththe8956\",\"https:\/\/www.linkedin.com\/company\/the-path-sports-management\/\"]}]}<\/script>\n<!-- \/ Yoast SEO plugin. -->","yoast_head_json":{"title":"\u00c1SZF - the path","robots":{"index":"index","follow":"follow","max-snippet":"max-snippet:-1","max-image-preview":"max-image-preview:large","max-video-preview":"max-video-preview:-1"},"canonical":"https:\/\/thepathsm.com\/en\/aszf\/","og_locale":"en_GB","og_type":"article","og_title":"\u00c1SZF - the path","og_description":"the Path \u00c1ltal\u00e1nos Szerz\u0151d\u00e9si Felt\u00e9telek (\u00c1SZF) 1. \u00c1ltal\u00e1nos rendelkez\u00e9sek \u00a0 A jelen \u00c1SZF a thepathsm.com (tov\u00e1bbiakban: Weboldal), \u00fczemeltet\u0151je, a HPB Sportmanagement Kft. (sz\u00e9khely: 1013 Budapest, L\u00e1nch\u00edd u.15\u201317., c\u00e9gjegyz\u00e9ksz\u00e1m: 01\u201109\u2011281053, ad\u00f3sz\u00e1m: 25539448-2-41) \u00e9s a Weboldalt l\u00e1togat\u00f3k felhaszn\u00e1l\u00f3k (tov\u00e1bbiakban: Felhaszn\u00e1l\u00f3) k\u00f6z\u00f6tti jogviszony felt\u00e9teleit szab\u00e1lyozza.A Weboldal haszn\u00e1lat\u00e1val a Felhaszn\u00e1l\u00f3 elfogadja e felt\u00e9teleket. \u00a0 2. Fogalmak \u00a0 Weboldal: a [&hellip;]","og_url":"https:\/\/thepathsm.com\/en\/aszf\/","og_site_name":"the path","article_publisher":"https:\/\/www.facebook.com\/thepathsm","article_modified_time":"2025-06-26T07:22:19+00:00","twitter_card":"summary_large_image","twitter_misc":{"Estimated reading time":"3 minutes"},"schema":{"@context":"https:\/\/schema.org","@graph":[{"@type":"WebPage","@id":"https:\/\/thepathsm.com\/aszf\/","url":"https:\/\/thepathsm.com\/aszf\/","name":"\u00c1SZF - the path","isPartOf":{"@id":"https:\/\/thepathsm.com\/#website"},"datePublished":"2025-06-19T08:16:11+00:00","dateModified":"2025-06-26T07:22:19+00:00","breadcrumb":{"@id":"https:\/\/thepathsm.com\/aszf\/#breadcrumb"},"inLanguage":"en-GB","potentialAction":[{"@type":"ReadAction","target":["https:\/\/thepathsm.com\/aszf\/"]}]},{"@type":"BreadcrumbList","@id":"https:\/\/thepathsm.com\/aszf\/#breadcrumb","itemListElement":[{"@type":"ListItem","position":1,"name":"Kezd\u0151lap","item":"https:\/\/thepathsm.com\/"},{"@type":"ListItem","position":2,"name":"\u00c1SZF"}]},{"@type":"WebSite","@id":"https:\/\/thepathsm.com\/#website","url":"https:\/\/thepathsm.com\/","name":"the path","description":"","publisher":{"@id":"https:\/\/thepathsm.com\/#organization"},"potentialAction":[{"@type":"SearchAction","target":{"@type":"EntryPoint","urlTemplate":"https:\/\/thepathsm.com\/?s={search_term_string}"},"query-input":{"@type":"PropertyValueSpecification","valueRequired":true,"valueName":"search_term_string"}}],"inLanguage":"en-GB"},{"@type":"Organization","@id":"https:\/\/thepathsm.com\/#organization","name":"the path","url":"https:\/\/thepathsm.com\/","logo":{"@type":"ImageObject","inLanguage":"en-GB","@id":"https:\/\/thepathsm.com\/#\/schema\/logo\/image\/","url":"https:\/\/thepathsm.com\/wp-content\/uploads\/2025\/05\/thepathlogo25.svg","contentUrl":"https:\/\/thepathsm.com\/wp-content\/uploads\/2025\/05\/thepathlogo25.svg","width":65,"height":60,"caption":"the path"},"image":{"@id":"https:\/\/thepathsm.com\/#\/schema\/logo\/image\/"},"sameAs":["https:\/\/www.facebook.com\/thepathsm","https:\/\/www.instagram.com\/thepathsm\/","https:\/\/www.youtube.com\/@paththe8956","https:\/\/www.linkedin.com\/company\/the-path-sports-management\/"]}]}},"_links":{"self":[{"href":"https:\/\/thepathsm.com\/en\/wp-json\/wp\/v2\/pages\/2407","targetHints":{"allow":["GET"]}}],"collection":[{"href":"https:\/\/thepathsm.com\/en\/wp-json\/wp\/v2\/pages"}],"about":[{"href":"https:\/\/thepathsm.com\/en\/wp-json\/wp\/v2\/types\/page"}],"author":[{"embeddable":true,"href":"https:\/\/thepathsm.com\/en\/wp-json\/wp\/v2\/users\/1"}],"replies":[{"embeddable":true,"href":"https:\/\/thepathsm.com\/en\/wp-json\/wp\/v2\/comments?post=2407"}],"version-history":[{"count":10,"href":"https:\/\/thepathsm.com\/en\/wp-json\/wp\/v2\/pages\/2407\/revisions"}],"predecessor-version":[{"id":2856,"href":"https:\/\/thepathsm.com\/en\/wp-json\/wp\/v2\/pages\/2407\/revisions\/2856"}],"wp:attachment":[{"href":"https:\/\/thepathsm.com\/en\/wp-json\/wp\/v2\/media?parent=2407"}],"curies":[{"name":"wp","href":"https:\/\/api.w.org\/{rel}","templated":true}]}}